{"id":1565,"date":"2023-11-21T11:19:22","date_gmt":"2023-11-21T10:19:22","guid":{"rendered":"https:\/\/www.pipa.cat\/quien-somos\/"},"modified":"2024-07-01T10:23:33","modified_gmt":"2024-07-01T08:23:33","slug":"quien-somos","status":"publish","type":"page","link":"https:\/\/www.pipa.cat\/es\/quien-somos\/","title":{"rendered":"Qui\u00e9nes somos"},"content":{"rendered":"<section class=\"l-section wpb_row height_small\"><div class=\"l-section-h i-cf\"><div class=\"g-cols vc_row via_grid cols_3-2 laptops-cols_inherit tablets-cols_inherit mobiles-cols_1 valign_top type_default stacking_default\" style=\"--columns-gap:0rem;\"><div class=\"wpb_column vc_column_container\"><div class=\"vc_column-inner\"><div class=\"w-separator size_large\"><\/div><h1 class=\"w-text us_custom_1cd840f4 has_text_color us_animate_this\"><span class=\"w-text-h\"><span class=\"w-text-value\">Hacemos un Pipa?<\/span><\/span><\/h1><div class=\"w-separator size_small\"><\/div><div class=\"wpb_text_column us_custom_9fb16156 us_animate_this\"><div class=\"wpb_wrapper\"><p style=\"text-align: left;\">El Pipa naci\u00f3 en 2011 aprovechando que quedaba libre un antiguo local de billares en el centro de Palau Solita i Plegamans. Aquella zona ser\u00eda proximamente transformada en peatonal y vimos la oportunidad de ofrecer a los palacios un espacio de reuni\u00f3n informal, agradable y c\u00f3modo con un estilo inspirado en los pubs irlandeses y con la intenci\u00f3n de arraigarnos en el pueblo mediante el apoyo a entidades y clubes deportivos.<\/p>\n<p>Han pasado los a\u00f1os y hoy el Pipa es un referente en Palau. Cada d\u00eda acogemos amigos que vienen a cenar y ver el f\u00fatbol, \u200b\u200ba celebrar una nueva victoria del hockey, a disfrutar de una comida de amigas o tomar la \u00faltima copa antes de acostarse. Nos gusta pensar que somos un pub en la catalana, con buena m\u00fasica, comida informal (\u00a1pero buen\u00edsimo eh!), y que la gente sale del Pipa con muy buen rollo y ganas de volver pronto.<\/p>\n<p>Esperamos que nuestra propuesta te guste y que viniendo al Pipa te sientas como en casa \ud83d\ude0a<\/p>\n<\/div><\/div><\/div><\/div><div class=\"wpb_column vc_column_container us_custom_95d492f5\"><div class=\"vc_column-inner\"><div class=\"w-separator size_custom\" style=\"height:8vh\" id=\"f901\"><style>@media(max-width:600px){ #f901{height:14vh!important}}<\/style><\/div><div class=\"w-image us_custom_3e03bdf3 us_animate_this has_ratio align_none\"><div class=\"w-image-h\"><div style=\"padding-bottom:128.8889%\"><\/div><img decoding=\"async\" width=\"1915\" height=\"2560\" src=\"https:\/\/www.pipa.cat\/wp-content\/uploads\/2023\/12\/IMG_9590-scaled.webp\" class=\"attachment-full size-full\" alt=\"\" loading=\"lazy\" \/><\/div><\/div><div class=\"w-separator hide_on_mobiles size_large\"><\/div><\/div><\/div><\/div><\/div><\/section><section class=\"l-section wpb_row us_custom_5021a7a2 height_auto\"><div class=\"l-section-h i-cf\"><div class=\"g-cols vc_row via_grid cols_2-3 laptops-cols_inherit tablets-cols_inherit mobiles-cols_1 valign_top type_default reversed stacking_default\" style=\"--columns-gap:0rem;\"><div class=\"wpb_column vc_column_container us_custom_95d492f5\"><div class=\"vc_column-inner\"><div class=\"w-separator size_custom\" style=\"height:8vh\" id=\"gc82\"><style>@media(max-width:600px){ #gc82{height:14vh!important}}<\/style><\/div><div class=\"w-image us_custom_ba4d6d1c us_animate_this has_ratio align_none\"><div class=\"w-image-h\"><div style=\"padding-bottom:128.8889%\"><\/div><img decoding=\"async\" width=\"1658\" height=\"1507\" src=\"https:\/\/www.pipa.cat\/wp-content\/uploads\/2023\/12\/IMG_9968.webp\" class=\"attachment-full size-full\" alt=\"\" loading=\"lazy\" \/><\/div><\/div><div class=\"w-separator hide_on_mobiles size_large\"><\/div><\/div><\/div><div class=\"wpb_column vc_column_container\"><div class=\"vc_column-inner\"><div class=\"w-separator size_large\"><\/div><h2 class=\"w-text us_custom_abb21b0b has_text_color us_animate_this\"><span class=\"w-text-h\"><span class=\"w-text-value\">El Pipa<br \/>\u00a1crece!<\/span><\/span><\/h2><div class=\"wpb_text_column us_custom_7452ce72 us_animate_this\"><div class=\"wpb_wrapper\"><p>\u00a1El Pipa de Caldes ya es una realidad! Con el mismo talante que el Pipa de Palau, ahora tambi\u00e9n puedes encontrarnos en la calle Estaci\u00f3 6 (a pocos metros del parking de la estaci\u00f3n).<\/p>\n<p>Estamos emocionados de formar parte del pueblo y compartir momentos \u00fanicos con todos vosotros. Sea para celebrar logros o simplemente disfrutar juntos de momentos especiales, estamos comprometidos a hacer del Pipa un lugar especial en Caldes de Montbui.<\/p>\n<\/div><\/div><\/div><\/div><\/div><\/div><\/section>\n","protected":false},"excerpt":{"rendered":"Hacemos un Pipa? El Pipa naci\u00f3 en 2011 aprovechando que quedaba libre un antiguo local de billares en el centro de Palau Solita i Plegamans. Aquella zona ser\u00eda proximamente transformada en peatonal y vimos la oportunidad de ofrecer a los palacios un espacio de reuni\u00f3n informal, agradable y c\u00f3modo con un estilo inspirado en los...","protected":false},"author":1,"featured_media":0,"parent":0,"menu_order":0,"comment_status":"closed","ping_status":"closed","template":"","meta":{"footnotes":""},"class_list":["post-1565","page","type-page","status-publish","hentry"],"yoast_head":"<!-- This site is optimized with the Yoast SEO plugin v27.3 - https:\/\/yoast.com\/product\/yoast-seo-wordpress\/ -->\n<title>Quienes somos | Pipa Pub<\/title>\n<meta name=\"description\" content=\"Somos un pub a la catalana, un espacio de encuentro para comer y beber, ver el futbol o celebrar. \u00a1Nos encontrar\u00e1s en Palau y en Caldes!\" \/>\n<meta name=\"robots\" content=\"index, follow, max-snippet:-1, max-image-preview:large, max-video-preview:-1\" \/>\n<link rel=\"canonical\" href=\"https:\/\/www.pipa.cat\/es\/quien-somos\/\" \/>\n<meta property=\"og:locale\" content=\"es_ES\" \/>\n<meta property=\"og:type\" content=\"article\" \/>\n<meta property=\"og:title\" content=\"Quienes somos | Pipa Pub\" \/>\n<meta property=\"og:description\" content=\"Somos un pub a la catalana, un espacio de encuentro para comer y beber, ver el futbol o celebrar. \u00a1Nos encontrar\u00e1s en Palau y en Caldes!\" \/>\n<meta property=\"og:url\" content=\"https:\/\/www.pipa.cat\/es\/quien-somos\/\" \/>\n<meta property=\"og:site_name\" content=\"Pipa\" \/>\n<meta property=\"article:modified_time\" content=\"2024-07-01T08:23:33+00:00\" \/>\n<meta name=\"twitter:card\" content=\"summary_large_image\" \/>\n<script type=\"application\/ld+json\" class=\"yoast-schema-graph\">{\"@context\":\"https:\\\/\\\/schema.org\",\"@graph\":[{\"@type\":\"WebPage\",\"@id\":\"https:\\\/\\\/www.pipa.cat\\\/es\\\/quien-somos\\\/\",\"url\":\"https:\\\/\\\/www.pipa.cat\\\/es\\\/quien-somos\\\/\",\"name\":\"Quienes somos | Pipa Pub\",\"isPartOf\":{\"@id\":\"https:\\\/\\\/www.pipa.cat\\\/es\\\/#website\"},\"datePublished\":\"2023-11-21T10:19:22+00:00\",\"dateModified\":\"2024-07-01T08:23:33+00:00\",\"description\":\"Somos un pub a la catalana, un espacio de encuentro para comer y beber, ver el futbol o celebrar. \u00a1Nos encontrar\u00e1s en Palau y en Caldes!\",\"breadcrumb\":{\"@id\":\"https:\\\/\\\/www.pipa.cat\\\/es\\\/quien-somos\\\/#breadcrumb\"},\"inLanguage\":\"es\",\"potentialAction\":[{\"@type\":\"ReadAction\",\"target\":[\"https:\\\/\\\/www.pipa.cat\\\/es\\\/quien-somos\\\/\"]}]},{\"@type\":\"BreadcrumbList\",\"@id\":\"https:\\\/\\\/www.pipa.cat\\\/es\\\/quien-somos\\\/#breadcrumb\",\"itemListElement\":[{\"@type\":\"ListItem\",\"position\":1,\"name\":\"Inici\",\"item\":\"https:\\\/\\\/www.pipa.cat\\\/es\\\/\"},{\"@type\":\"ListItem\",\"position\":2,\"name\":\"Qui\u00e9nes somos\"}]},{\"@type\":\"WebSite\",\"@id\":\"https:\\\/\\\/www.pipa.cat\\\/es\\\/#website\",\"url\":\"https:\\\/\\\/www.pipa.cat\\\/es\\\/\",\"name\":\"Pipa\",\"description\":\"Pipa Restaurant &amp; Cocktails\",\"publisher\":{\"@id\":\"https:\\\/\\\/www.pipa.cat\\\/es\\\/#organization\"},\"potentialAction\":[{\"@type\":\"SearchAction\",\"target\":{\"@type\":\"EntryPoint\",\"urlTemplate\":\"https:\\\/\\\/www.pipa.cat\\\/es\\\/?s={search_term_string}\"},\"query-input\":{\"@type\":\"PropertyValueSpecification\",\"valueRequired\":true,\"valueName\":\"search_term_string\"}}],\"inLanguage\":\"es\"},{\"@type\":\"Organization\",\"@id\":\"https:\\\/\\\/www.pipa.cat\\\/es\\\/#organization\",\"name\":\"Pipa\",\"url\":\"https:\\\/\\\/www.pipa.cat\\\/es\\\/\",\"logo\":{\"@type\":\"ImageObject\",\"inLanguage\":\"es\",\"@id\":\"https:\\\/\\\/www.pipa.cat\\\/es\\\/#\\\/schema\\\/logo\\\/image\\\/\",\"url\":\"https:\\\/\\\/www.pipa.cat\\\/wp-content\\\/uploads\\\/2023\\\/11\\\/logo-pipa.webp\",\"contentUrl\":\"https:\\\/\\\/www.pipa.cat\\\/wp-content\\\/uploads\\\/2023\\\/11\\\/logo-pipa.webp\",\"width\":366,\"height\":408,\"caption\":\"Pipa\"},\"image\":{\"@id\":\"https:\\\/\\\/www.pipa.cat\\\/es\\\/#\\\/schema\\\/logo\\\/image\\\/\"},\"sameAs\":[\"https:\\\/\\\/www.instagram.com\\\/pipa_pub\\\/\"]}]}<\/script>\n<!-- \/ Yoast SEO plugin. -->","yoast_head_json":{"title":"Quienes somos | Pipa Pub","description":"Somos un pub a la catalana, un espacio de encuentro para comer y beber, ver el futbol o celebrar. \u00a1Nos encontrar\u00e1s en Palau y en Caldes!","robots":{"index":"index","follow":"follow","max-snippet":"max-snippet:-1","max-image-preview":"max-image-preview:large","max-video-preview":"max-video-preview:-1"},"canonical":"https:\/\/www.pipa.cat\/es\/quien-somos\/","og_locale":"es_ES","og_type":"article","og_title":"Quienes somos | Pipa Pub","og_description":"Somos un pub a la catalana, un espacio de encuentro para comer y beber, ver el futbol o celebrar. \u00a1Nos encontrar\u00e1s en Palau y en Caldes!","og_url":"https:\/\/www.pipa.cat\/es\/quien-somos\/","og_site_name":"Pipa","article_modified_time":"2024-07-01T08:23:33+00:00","twitter_card":"summary_large_image","schema":{"@context":"https:\/\/schema.org","@graph":[{"@type":"WebPage","@id":"https:\/\/www.pipa.cat\/es\/quien-somos\/","url":"https:\/\/www.pipa.cat\/es\/quien-somos\/","name":"Quienes somos | Pipa Pub","isPartOf":{"@id":"https:\/\/www.pipa.cat\/es\/#website"},"datePublished":"2023-11-21T10:19:22+00:00","dateModified":"2024-07-01T08:23:33+00:00","description":"Somos un pub a la catalana, un espacio de encuentro para comer y beber, ver el futbol o celebrar. \u00a1Nos encontrar\u00e1s en Palau y en Caldes!","breadcrumb":{"@id":"https:\/\/www.pipa.cat\/es\/quien-somos\/#breadcrumb"},"inLanguage":"es","potentialAction":[{"@type":"ReadAction","target":["https:\/\/www.pipa.cat\/es\/quien-somos\/"]}]},{"@type":"BreadcrumbList","@id":"https:\/\/www.pipa.cat\/es\/quien-somos\/#breadcrumb","itemListElement":[{"@type":"ListItem","position":1,"name":"Inici","item":"https:\/\/www.pipa.cat\/es\/"},{"@type":"ListItem","position":2,"name":"Qui\u00e9nes somos"}]},{"@type":"WebSite","@id":"https:\/\/www.pipa.cat\/es\/#website","url":"https:\/\/www.pipa.cat\/es\/","name":"Pipa","description":"Pipa Restaurant &amp; Cocktails","publisher":{"@id":"https:\/\/www.pipa.cat\/es\/#organization"},"potentialAction":[{"@type":"SearchAction","target":{"@type":"EntryPoint","urlTemplate":"https:\/\/www.pipa.cat\/es\/?s={search_term_string}"},"query-input":{"@type":"PropertyValueSpecification","valueRequired":true,"valueName":"search_term_string"}}],"inLanguage":"es"},{"@type":"Organization","@id":"https:\/\/www.pipa.cat\/es\/#organization","name":"Pipa","url":"https:\/\/www.pipa.cat\/es\/","logo":{"@type":"ImageObject","inLanguage":"es","@id":"https:\/\/www.pipa.cat\/es\/#\/schema\/logo\/image\/","url":"https:\/\/www.pipa.cat\/wp-content\/uploads\/2023\/11\/logo-pipa.webp","contentUrl":"https:\/\/www.pipa.cat\/wp-content\/uploads\/2023\/11\/logo-pipa.webp","width":366,"height":408,"caption":"Pipa"},"image":{"@id":"https:\/\/www.pipa.cat\/es\/#\/schema\/logo\/image\/"},"sameAs":["https:\/\/www.instagram.com\/pipa_pub\/"]}]}},"_links":{"self":[{"href":"https:\/\/www.pipa.cat\/es\/wp-json\/wp\/v2\/pages\/1565","targetHints":{"allow":["GET"]}}],"collection":[{"href":"https:\/\/www.pipa.cat\/es\/wp-json\/wp\/v2\/pages"}],"about":[{"href":"https:\/\/www.pipa.cat\/es\/wp-json\/wp\/v2\/types\/page"}],"author":[{"embeddable":true,"href":"https:\/\/www.pipa.cat\/es\/wp-json\/wp\/v2\/users\/1"}],"replies":[{"embeddable":true,"href":"https:\/\/www.pipa.cat\/es\/wp-json\/wp\/v2\/comments?post=1565"}],"version-history":[{"count":11,"href":"https:\/\/www.pipa.cat\/es\/wp-json\/wp\/v2\/pages\/1565\/revisions"}],"predecessor-version":[{"id":1907,"href":"https:\/\/www.pipa.cat\/es\/wp-json\/wp\/v2\/pages\/1565\/revisions\/1907"}],"wp:attachment":[{"href":"https:\/\/www.pipa.cat\/es\/wp-json\/wp\/v2\/media?parent=1565"}],"curies":[{"name":"wp","href":"https:\/\/api.w.org\/{rel}","templated":true}]}}