{"id":1551,"date":"2023-11-24T11:54:30","date_gmt":"2023-11-24T10:54:30","guid":{"rendered":"https:\/\/www.pipa.cat\/accesibilidad\/"},"modified":"2024-01-25T15:22:23","modified_gmt":"2024-01-25T14:22:23","slug":"accesibilidad","status":"publish","type":"page","link":"https:\/\/www.pipa.cat\/es\/accesibilidad\/","title":{"rendered":"Accesibilidad"},"content":{"rendered":"<section class=\"l-section wpb_row us_custom_b5e04a0f height_small\"><div class=\"l-section-h i-cf\"><div class=\"g-cols vc_row via_grid cols_1 laptops-cols_inherit tablets-cols_inherit mobiles-cols_1 valign_top type_default stacking_default\"><div class=\"wpb_column vc_column_container\"><div class=\"vc_column-inner\"><h1 class=\"w-text us_custom_494bb3ea\"><span class=\"w-text-h\"><span class=\"w-text-value\">Accesibilidad<\/span><\/span><\/h1><\/div><\/div><\/div><\/div><\/section><section class=\"l-section wpb_row height_medium\"><div class=\"l-section-h i-cf\"><div class=\"g-cols vc_row via_grid cols_1 laptops-cols_inherit tablets-cols_inherit mobiles-cols_1 valign_top type_default stacking_default\"><div class=\"wpb_column vc_column_container\"><div class=\"vc_column-inner\"><div class=\"wpb_text_column\"><div class=\"wpb_wrapper\"><p><b>SNAKE POOL SL <\/b>(CIF: <strong>46991079D<\/strong>) Se ha comprometido a hacer accesible su sitio web, de acuerdo con el Real Decreto 1112\/2018, de 7 de septiembre, sobre accesibilidad de los sitios web y aplicaciones para dispositivos m\u00f3viles del sector p\u00fablico.<\/p>\n<p>Esta declaraci\u00f3n de accesibilidad se aplica al sitio web <strong>pipa.cat.<\/strong><\/p>\n<h4>Situaci\u00f3n de cumplimiento<\/h4>\n<p>Este sitio web es parcialmente conforme con el Real Decreto 1112\/2018, de 7 de septiembre, debido a la falta de conformidad en los aspectos que se indican a continuaci\u00f3n.<\/p>\n<h4>Contenido no accesible<\/h4>\n<p>El contenido que se recoge a continuaci\u00f3n no es accesible por la siguiente raz\u00f3n:<\/p>\n<p>Falta de conformidad con el Real Decreto 1112\/2018, de 7 de septiembre: podr\u00edan existir deficiencias puntuales de edici\u00f3n en algunas p\u00e1ginas web, tanto en contenidos HTML como en documentos finales, publicados con fecha posterior al 20 de septiembre de 2018 (fecha de entrada en vigor del Real Decreto 1112\/2018, de 7 de septiembre). Concretamente, pueden existir errores en aquellos documentos que contengan gr\u00e1ficos, tablas complejas o contenido publicado mediante herramientas de autogesti\u00f3n. Asimismo, podr\u00eda haber errores en el control de las animaciones HTML.<br \/>Carga desproporcionada: no aplicable.<br \/>El contenido no est\u00e1 dentro del marco de la legislaci\u00f3n aplicable: no aplica.<\/p>\n<h4>Preparaci\u00f3n de la presente declaraci\u00f3n de accesibilidad.<\/h4>\n<p>La presente declaraci\u00f3n fue preparada el <strong>25 de gener de 2024.<\/strong><\/p>\n<p>El m\u00e9todo empleado para preparar la declaraci\u00f3n ha sido una autoevaluaci\u00f3n llevada a cabo por la empresa proveedora de <strong>pipa<\/strong><strong>.cat.<\/strong> \u00daltima revisi\u00f3n de la declaraci\u00f3n: <strong> 25 de enero de 2024.<\/strong><\/p>\n<h4>Observaciones y datos de contacto<\/h4>\n<p>Puede realizar comunicaciones sobre requisitos de accesibilidad (art\u00edculo 10.2.a) del Real Decreto 1112\/2018, de 7 de septiembre), tales como:<\/p>\n<p>Informar sobre cualquier posible incumplimiento por parte de este sitio web.<br \/>Transmitir otras dificultades de acceso al contenido.<br \/>Formular cualquier otra consulta o sugerencia de mejora relativa a la accesibilidad del sitio web.<\/p>\n<p>A trav\u00e9s de los siguientes medios:<\/p>\n<p>Correo electr\u00f3nico: ovidiu_popescu@hotmail.com<\/p>\n<p>Puede presentar:<\/p>\n<p>Una<strong> queja<\/strong> relativa al cumplimiento de los requisitos del RD 1112\/2018 o<br \/>Una<strong> solicitud de informaci\u00f3n accesible<\/strong> relativa a:<br \/>contenidos que est\u00e1n excluidos del <strong>marco de aplicaci\u00f3n<\/strong> del RD 1112\/2018 seg\u00fan lo establecido por el art\u00edculo 3, apartado 4<br \/>o contenidos que est\u00e1n <strong>exentos<\/strong> del <strong>cumplimiento<\/strong> de los requisitos de accesibilidad para imponer una <strong>carga desproporcionada<\/strong>.<br \/>En la solicitud de informaci\u00f3n accesible, es necesario especificar con toda claridad los hechos, razones y la petici\u00f3n que permitan constatar que se trata de una solicitud razonable y leg\u00edtima.<\/p>\n<p>Las comunicaciones, quejas y solicitudes de informaci\u00f3n accesible ser\u00e1n recibidas y tratadas por <strong>Pipa Pub<\/strong>.<\/p>\n<h4>Procedimiento de aplicaci\u00f3n<\/h4>\n<p>Si una vez realizada <strong>solicitud de informaci\u00f3n accesible o queja<\/strong>, esta hubiera sido <strong>desestimada, no<\/strong> est\u00e9 <strong>de acuerdo con la decisi\u00f3n adoptada<\/strong>, o la <strong>respuesta no cumpla con los requisitos<\/strong> contemplados en el art\u00edculo 12.5, la persona interesada podr\u00e1 iniciar una reclamaci\u00f3n. Igualmente, se podr\u00e1 iniciar una reclamaci\u00f3n en el caso de que hayan <strong>transcurrido el plazo<\/strong> <strong>de veinte d\u00edas h\u00e1biles<\/strong> sin haber obtenido <strong>respuesta<\/strong>.<\/p>\n<p>La reclamaci\u00f3n se puede presentar a trav\u00e9s de la Instancia Gen\u00e9rica de la Sede electr\u00f3nica del <strong>Ministerio de Asuntos Econ\u00f3micos y Transformaci\u00f3n Digital<\/strong>, as\u00ed como en el resto de opciones recogidas en la Ley 39\/2015, de 1 de octubre, del Procedimiento Administrativo Com\u00fan de las Administraciones P\u00fablicas.<\/p>\n<p>Las reclamaciones ser\u00e1n recibidas y tratadas por el <strong>Ministerio de Asuntos Econ\u00f3micos y Transformaci\u00f3n Digital.<\/strong><\/p>\n<h4>Contenido opcional<\/h4>\n<p>La versi\u00f3n actualmente visible de este sitio web es de <strong>enero de 2024<\/strong>, y en esa fecha se realiz\u00f3 la revisi\u00f3n del nivel de accesibilidad vigente en ese momento.<\/p>\n<p>A partir de esa fecha, se realizan revisiones parciales diarias del contenido web nuevo o modificado, tanto de las plantillas como de las p\u00e1ginas y documentos finales publicados, para asegurar el cumplimiento de los requisitos de accesibilidad de la Norma UNE-EN 301549:2019, considerando las excepciones del Real Decreto 1112\/2018, de 7 de septiembre.<\/p>\n<p>Entre otras, se adoptan las siguientes medidas para facilitar la accesibilidad:<\/p>\n<p>Uso de texto alternativo en las im\u00e1genes.<br \/>Separaci\u00f3n del contenido de la presentaci\u00f3n mediante el uso de hojas de estilo (CSS).<br \/>Estructurar y etiquetar correctamente el contenido de las p\u00e1ginas.<br \/>Realizar una maquetaci\u00f3n mediante CSS y con un dise\u00f1o l\u00edquido para que se adapte a cualquier resoluci\u00f3n de pantalla.<br \/>Utilizar un texto significativo en los enlaces.<br \/>Evitar combinaciones de colores de poco contraste y evitar transmitir informaci\u00f3n \u00fanicamente a trav\u00e9s del color.<br \/>Evitar el uso de JavaScript en la medida de lo posible.<br \/>Evitar el uso de marcos (frames).<br \/>Uso de los est\u00e1ndares del W3C: HTML5, CSS 3.0, WAI AA.<\/p>\n<\/div><\/div><\/div><\/div><\/div><\/div><\/section>\n","protected":false},"excerpt":{"rendered":"Accesibilidad SNAKE POOL SL (CIF: 46991079D) Se ha comprometido a hacer accesible su sitio web, de acuerdo con el Real Decreto 1112\/2018, de 7 de septiembre, sobre accesibilidad de los sitios web y aplicaciones para dispositivos m\u00f3viles del sector p\u00fablico. Esta declaraci\u00f3n de accesibilidad se aplica al sitio web pipa.cat. Situaci\u00f3n de cumplimiento Este sitio...","protected":false},"author":1,"featured_media":0,"parent":0,"menu_order":0,"comment_status":"closed","ping_status":"closed","template":"","meta":{"footnotes":""},"class_list":["post-1551","page","type-page","status-publish","hentry"],"yoast_head":"<!-- This site is optimized with the Yoast SEO plugin v27.3 - https:\/\/yoast.com\/product\/yoast-seo-wordpress\/ -->\n<title>Accesibilidad - Pipa<\/title>\n<meta name=\"robots\" content=\"index, follow, max-snippet:-1, max-image-preview:large, max-video-preview:-1\" \/>\n<link rel=\"canonical\" href=\"https:\/\/www.pipa.cat\/es\/accesibilidad\/\" \/>\n<meta property=\"og:locale\" content=\"es_ES\" \/>\n<meta property=\"og:type\" content=\"article\" \/>\n<meta property=\"og:title\" content=\"Accesibilidad - Pipa\" \/>\n<meta property=\"og:url\" content=\"https:\/\/www.pipa.cat\/es\/accesibilidad\/\" \/>\n<meta property=\"og:site_name\" content=\"Pipa\" \/>\n<meta property=\"article:modified_time\" content=\"2024-01-25T14:22:23+00:00\" \/>\n<meta name=\"twitter:card\" content=\"summary_large_image\" \/>\n<script type=\"application\/ld+json\" class=\"yoast-schema-graph\">{\"@context\":\"https:\\\/\\\/schema.org\",\"@graph\":[{\"@type\":\"WebPage\",\"@id\":\"https:\\\/\\\/www.pipa.cat\\\/es\\\/accesibilidad\\\/\",\"url\":\"https:\\\/\\\/www.pipa.cat\\\/es\\\/accesibilidad\\\/\",\"name\":\"Accesibilidad - Pipa\",\"isPartOf\":{\"@id\":\"https:\\\/\\\/www.pipa.cat\\\/es\\\/#website\"},\"datePublished\":\"2023-11-24T10:54:30+00:00\",\"dateModified\":\"2024-01-25T14:22:23+00:00\",\"breadcrumb\":{\"@id\":\"https:\\\/\\\/www.pipa.cat\\\/es\\\/accesibilidad\\\/#breadcrumb\"},\"inLanguage\":\"es\",\"potentialAction\":[{\"@type\":\"ReadAction\",\"target\":[\"https:\\\/\\\/www.pipa.cat\\\/es\\\/accesibilidad\\\/\"]}]},{\"@type\":\"BreadcrumbList\",\"@id\":\"https:\\\/\\\/www.pipa.cat\\\/es\\\/accesibilidad\\\/#breadcrumb\",\"itemListElement\":[{\"@type\":\"ListItem\",\"position\":1,\"name\":\"Inici\",\"item\":\"https:\\\/\\\/www.pipa.cat\\\/es\\\/\"},{\"@type\":\"ListItem\",\"position\":2,\"name\":\"Accesibilidad\"}]},{\"@type\":\"WebSite\",\"@id\":\"https:\\\/\\\/www.pipa.cat\\\/es\\\/#website\",\"url\":\"https:\\\/\\\/www.pipa.cat\\\/es\\\/\",\"name\":\"Pipa\",\"description\":\"Pipa Restaurant &amp; Cocktails\",\"publisher\":{\"@id\":\"https:\\\/\\\/www.pipa.cat\\\/es\\\/#organization\"},\"potentialAction\":[{\"@type\":\"SearchAction\",\"target\":{\"@type\":\"EntryPoint\",\"urlTemplate\":\"https:\\\/\\\/www.pipa.cat\\\/es\\\/?s={search_term_string}\"},\"query-input\":{\"@type\":\"PropertyValueSpecification\",\"valueRequired\":true,\"valueName\":\"search_term_string\"}}],\"inLanguage\":\"es\"},{\"@type\":\"Organization\",\"@id\":\"https:\\\/\\\/www.pipa.cat\\\/es\\\/#organization\",\"name\":\"Pipa\",\"url\":\"https:\\\/\\\/www.pipa.cat\\\/es\\\/\",\"logo\":{\"@type\":\"ImageObject\",\"inLanguage\":\"es\",\"@id\":\"https:\\\/\\\/www.pipa.cat\\\/es\\\/#\\\/schema\\\/logo\\\/image\\\/\",\"url\":\"https:\\\/\\\/www.pipa.cat\\\/wp-content\\\/uploads\\\/2023\\\/11\\\/logo-pipa.webp\",\"contentUrl\":\"https:\\\/\\\/www.pipa.cat\\\/wp-content\\\/uploads\\\/2023\\\/11\\\/logo-pipa.webp\",\"width\":366,\"height\":408,\"caption\":\"Pipa\"},\"image\":{\"@id\":\"https:\\\/\\\/www.pipa.cat\\\/es\\\/#\\\/schema\\\/logo\\\/image\\\/\"},\"sameAs\":[\"https:\\\/\\\/www.instagram.com\\\/pipa_pub\\\/\"]}]}<\/script>\n<!-- \/ Yoast SEO plugin. -->","yoast_head_json":{"title":"Accesibilidad - Pipa","robots":{"index":"index","follow":"follow","max-snippet":"max-snippet:-1","max-image-preview":"max-image-preview:large","max-video-preview":"max-video-preview:-1"},"canonical":"https:\/\/www.pipa.cat\/es\/accesibilidad\/","og_locale":"es_ES","og_type":"article","og_title":"Accesibilidad - Pipa","og_url":"https:\/\/www.pipa.cat\/es\/accesibilidad\/","og_site_name":"Pipa","article_modified_time":"2024-01-25T14:22:23+00:00","twitter_card":"summary_large_image","schema":{"@context":"https:\/\/schema.org","@graph":[{"@type":"WebPage","@id":"https:\/\/www.pipa.cat\/es\/accesibilidad\/","url":"https:\/\/www.pipa.cat\/es\/accesibilidad\/","name":"Accesibilidad - Pipa","isPartOf":{"@id":"https:\/\/www.pipa.cat\/es\/#website"},"datePublished":"2023-11-24T10:54:30+00:00","dateModified":"2024-01-25T14:22:23+00:00","breadcrumb":{"@id":"https:\/\/www.pipa.cat\/es\/accesibilidad\/#breadcrumb"},"inLanguage":"es","potentialAction":[{"@type":"ReadAction","target":["https:\/\/www.pipa.cat\/es\/accesibilidad\/"]}]},{"@type":"BreadcrumbList","@id":"https:\/\/www.pipa.cat\/es\/accesibilidad\/#breadcrumb","itemListElement":[{"@type":"ListItem","position":1,"name":"Inici","item":"https:\/\/www.pipa.cat\/es\/"},{"@type":"ListItem","position":2,"name":"Accesibilidad"}]},{"@type":"WebSite","@id":"https:\/\/www.pipa.cat\/es\/#website","url":"https:\/\/www.pipa.cat\/es\/","name":"Pipa","description":"Pipa Restaurant &amp; Cocktails","publisher":{"@id":"https:\/\/www.pipa.cat\/es\/#organization"},"potentialAction":[{"@type":"SearchAction","target":{"@type":"EntryPoint","urlTemplate":"https:\/\/www.pipa.cat\/es\/?s={search_term_string}"},"query-input":{"@type":"PropertyValueSpecification","valueRequired":true,"valueName":"search_term_string"}}],"inLanguage":"es"},{"@type":"Organization","@id":"https:\/\/www.pipa.cat\/es\/#organization","name":"Pipa","url":"https:\/\/www.pipa.cat\/es\/","logo":{"@type":"ImageObject","inLanguage":"es","@id":"https:\/\/www.pipa.cat\/es\/#\/schema\/logo\/image\/","url":"https:\/\/www.pipa.cat\/wp-content\/uploads\/2023\/11\/logo-pipa.webp","contentUrl":"https:\/\/www.pipa.cat\/wp-content\/uploads\/2023\/11\/logo-pipa.webp","width":366,"height":408,"caption":"Pipa"},"image":{"@id":"https:\/\/www.pipa.cat\/es\/#\/schema\/logo\/image\/"},"sameAs":["https:\/\/www.instagram.com\/pipa_pub\/"]}]}},"_links":{"self":[{"href":"https:\/\/www.pipa.cat\/es\/wp-json\/wp\/v2\/pages\/1551","targetHints":{"allow":["GET"]}}],"collection":[{"href":"https:\/\/www.pipa.cat\/es\/wp-json\/wp\/v2\/pages"}],"about":[{"href":"https:\/\/www.pipa.cat\/es\/wp-json\/wp\/v2\/types\/page"}],"author":[{"embeddable":true,"href":"https:\/\/www.pipa.cat\/es\/wp-json\/wp\/v2\/users\/1"}],"replies":[{"embeddable":true,"href":"https:\/\/www.pipa.cat\/es\/wp-json\/wp\/v2\/comments?post=1551"}],"version-history":[{"count":4,"href":"https:\/\/www.pipa.cat\/es\/wp-json\/wp\/v2\/pages\/1551\/revisions"}],"predecessor-version":[{"id":1678,"href":"https:\/\/www.pipa.cat\/es\/wp-json\/wp\/v2\/pages\/1551\/revisions\/1678"}],"wp:attachment":[{"href":"https:\/\/www.pipa.cat\/es\/wp-json\/wp\/v2\/media?parent=1551"}],"curies":[{"name":"wp","href":"https:\/\/api.w.org\/{rel}","templated":true}]}}