{"id":1543,"date":"2023-11-21T12:28:42","date_gmt":"2023-11-21T11:28:42","guid":{"rendered":"https:\/\/www.pipa.cat\/pipapub\/"},"modified":"2025-01-08T11:32:24","modified_gmt":"2025-01-08T10:32:24","slug":"pipapub","status":"publish","type":"page","link":"https:\/\/www.pipa.cat\/es\/","title":{"rendered":"Pipapub"},"content":{"rendered":"<section class=\"l-section wpb_row height_medium full_height valign_center width_full with_img parallax_ver with_slider\"><div class=\"l-section-img\" role=\"img\" aria-label=\"Pipa Pub a trav\u00e9s de la ventana\" data-img-width=\"1920\" data-img-height=\"1369\" style=\"background-image: url(https:\/\/www.pipa.cat\/wp-content\/uploads\/2024\/01\/pipahome1.webp);background-repeat: no-repeat;\"><\/div><div class=\"l-section-slider\"><div class=\"w-slider style_none fit_cover nav_none count_3\"><div class=\"w-slider-h\" aria-hidden=\"true\"><div class=\"royalSlider\"><div class=\"rsContent\"><a class=\"rsImg\" data-rsw=\"1920\" data-rsh=\"1369\" href=\"https:\/\/www.pipa.cat\/wp-content\/uploads\/2024\/01\/pipahome1.webp\"><span data-alt=\"Pipa Pub a trav\u00e9s de la ventana\"><\/span><\/a><\/div><div class=\"rsContent\"><a class=\"rsImg\" data-rsw=\"1920\" data-rsh=\"1298\" href=\"https:\/\/www.pipa.cat\/wp-content\/uploads\/2024\/01\/pipahome2.webp\"><span data-alt=\"Personas tomando cerveza en la mesa\"><\/span><\/a><\/div><div class=\"rsContent\"><a class=\"rsImg\" data-rsw=\"2539\" data-rsh=\"1586\" href=\"https:\/\/www.pipa.cat\/wp-content\/uploads\/2023\/11\/IMG_9618.webp\"><span data-alt=\"\"><\/span><\/a><\/div><\/div><img decoding=\"async\" src=\"https:\/\/www.pipa.cat\/wp-content\/uploads\/2024\/01\/pipahome1.webp\" width=\"1920\" height=\"1369\" alt=\"Pipa Pub a trav\u00e9s de la ventana\" loading=\"lazy\"><\/div><div class=\"w-slider-json\" onclick='return {&quot;autoScaleSlider&quot;:true,&quot;addActiveClass&quot;:true,&quot;loop&quot;:true,&quot;fadeInLoadedSlide&quot;:false,&quot;slidesSpacing&quot;:0,&quot;imageScalePadding&quot;:0,&quot;numImagesToPreload&quot;:2,&quot;arrowsNav&quot;:false,&quot;arrowsNavAutoHide&quot;:false,&quot;transitionType&quot;:&quot;move&quot;,&quot;transitionSpeed&quot;:1000,&quot;block&quot;:{&quot;moveEffect&quot;:&quot;none&quot;,&quot;speed&quot;:300},&quot;thumbs&quot;:{&quot;fitInViewport&quot;:false,&quot;firstMargin&quot;:false,&quot;spacing&quot;:4},&quot;controlNavigation&quot;:&quot;none&quot;,&quot;autoplay&quot;:{&quot;enabled&quot;:true,&quot;pauseOnHover&quot;:false,&quot;delay&quot;:3000},&quot;autoScaleSliderWidth&quot;:1920,&quot;autoScaleSliderHeight&quot;:1369}'><\/div><\/div><\/div><div class=\"l-section-overlay\" style=\"background:rgba(13,13,13,0.30)\"><\/div><div class=\"l-section-h i-cf\"><div class=\"g-cols vc_row via_grid cols_1 laptops-cols_inherit tablets-cols_inherit mobiles-cols_1 valign_middle type_default stacking_default\"><div class=\"wpb_column vc_column_container\"><div class=\"vc_column-inner\"><div class=\"g-cols wpb_row via_grid cols_2 laptops-cols_inherit tablets-cols_inherit mobiles-cols_1 valign_middle type_default stacking_default\" style=\"--columns-gap:3rem;\"><div class=\"wpb_column vc_column_container\"><div class=\"vc_column-inner\"><h2 class=\"w-text us_custom_b2ac43b3\"><span class=\"w-text-h\"><span class=\"w-text-value\">el punto de encuentro para comer y beber<\/span><\/span><\/h2><\/div><\/div><div class=\"wpb_column vc_column_container\"><div class=\"vc_column-inner\"><\/div><\/div><\/div><\/div><\/div><\/div><\/div><\/section><section class=\"l-section wpb_row us_custom_8790fd55 height_small\"><div class=\"l-section-h i-cf\"><div class=\"g-cols vc_row via_grid cols_1 laptops-cols_inherit tablets-cols_inherit mobiles-cols_1 valign_top type_default stacking_default\"><div class=\"wpb_column vc_column_container\"><div class=\"vc_column-inner\"><h2 class=\"w-text us_custom_eef8d426 has_text_color\"><span class=\"w-text-h\"><span class=\"w-text-value\">\u00bfHacemos un pipa?<\/span><\/span><\/h2><div class=\"g-cols wpb_row via_grid cols_3 laptops-cols_inherit tablets-cols_inherit mobiles-cols_1 valign_middle type_default stacking_default\" style=\"--columns-gap:1rem;\"><div class=\"wpb_column vc_column_container\"><div class=\"vc_column-inner\"><div class=\"w-image us_custom_5e8a7298 align_center\"><div class=\"w-image-h\"><img decoding=\"async\" width=\"2560\" height=\"1645\" src=\"https:\/\/www.pipa.cat\/wp-content\/uploads\/2023\/12\/IMG_0046-scaled.webp\" class=\"attachment-full size-full\" alt=\"\" loading=\"lazy\" srcset=\"https:\/\/www.pipa.cat\/wp-content\/uploads\/2023\/12\/IMG_0046-scaled.webp 2560w, https:\/\/www.pipa.cat\/wp-content\/uploads\/2023\/12\/IMG_0046-300x193.webp 300w, https:\/\/www.pipa.cat\/wp-content\/uploads\/2023\/12\/IMG_0046-1024x658.webp 1024w\" sizes=\"auto, (max-width: 2560px) 100vw, 2560px\" \/><\/div><\/div><div class=\"w-separator size_small\"><\/div><div class=\"w-btn-wrapper align_center\"><a class=\"w-btn us-btn-style_1 popup us_custom_1978c661\" href=\"tel:932434765\"><span class=\"w-btn-label\">RESERVAR MESA EN CALDES<\/span><\/a><\/div><\/div><\/div><div class=\"wpb_column vc_column_container us_custom_d1c094fd\"><div class=\"vc_column-inner\"><h1 class=\"w-text us_custom_7c9dce67 has_text_color\"><span class=\"w-text-h\"><span class=\"w-text-value\">pipa&lt;br&gt;pub<\/span><\/span><\/h1><\/div><\/div><div class=\"wpb_column vc_column_container\"><div class=\"vc_column-inner\"><div class=\"w-image us_custom_5e8a7298 align_center\"><div class=\"w-image-h\"><img decoding=\"async\" width=\"834\" height=\"596\" src=\"https:\/\/www.pipa.cat\/wp-content\/uploads\/2023\/12\/54.png\" class=\"attachment-full size-full\" alt=\"\" loading=\"lazy\" srcset=\"https:\/\/www.pipa.cat\/wp-content\/uploads\/2023\/12\/54.png 834w, https:\/\/www.pipa.cat\/wp-content\/uploads\/2023\/12\/54-300x214.png 300w\" sizes=\"auto, (max-width: 834px) 100vw, 834px\" \/><\/div><\/div><div class=\"w-separator size_small\"><\/div><div class=\"w-btn-wrapper align_center\"><a class=\"w-btn us-btn-style_1 popup us_custom_1978c661\" href=\"tel:938647175\"><span class=\"w-btn-label\">RESERVAR MESA EN PALAU<\/span><\/a><\/div><\/div><\/div><\/div><\/div><\/div><\/div><\/div><\/section><section class=\"l-section wpb_row height_auto width_full\"><div class=\"l-section-h i-cf\"><div class=\"g-cols vc_row via_grid cols_1 laptops-cols_inherit tablets-cols_inherit mobiles-cols_1 valign_top type_default stacking_default\"><div class=\"wpb_column vc_column_container\"><div class=\"vc_column-inner\"><h2 class=\"w-text us_custom_a34a84cd has_text_color\"><span class=\"w-text-h\"><span class=\"w-text-value\">un pub a la catalana<\/span><\/span><\/h2><\/div><\/div><\/div><\/div><\/section><section class=\"l-section wpb_row us_custom_0a9ee20b height_medium\"><div class=\"l-section-h i-cf\"><div class=\"g-cols vc_row via_grid cols_2 laptops-cols_inherit tablets-cols_inherit mobiles-cols_1 valign_middle type_default stacking_default\"><div class=\"wpb_column vc_column_container\"><div class=\"vc_column-inner\"><div class=\"wpb_text_column us_custom_cdb37fb9 has_text_color\"><div class=\"wpb_wrapper\"><p>M\u00fasica, comida, cerveza, cocktails y muy buen rollo. Bajo esta premisa, el Pipa se ha convertido, para todos los palauencs, en un punto de encuentro con los amigos y la familia. Puedes disfrutar de una comida r\u00e1pida en la barra, de unas cervezas y f\u00fatbol con los amigos o de una cena rom\u00e1ntica con quien quieras. Servimos desayunos, almuerzos, cenas y copas bien preparadas en un ambiente agradable e informal y en el que lo m\u00e1s importante es que te sientas bien y salgas con una sonrisa.<\/p>\n<\/div><\/div><div class=\"w-separator size_medium\"><\/div><div class=\"w-btn-wrapper align_center\"><a class=\"w-btn us-btn-style_1 popup us_custom_5662a9e3\" href=\"https:\/\/www.pipa.cat\/es\/quien-somos\/\"><span class=\"w-btn-label\">CON\u00d3CENOS UN POCO MEJOR<\/span><\/a><\/div><\/div><\/div><div class=\"wpb_column vc_column_container\"><div class=\"vc_column-inner\"><div class=\"w-image us_custom_214b2141 style_outlined align_none\"><div class=\"w-image-h\"><img decoding=\"async\" width=\"1898\" height=\"1493\" src=\"https:\/\/www.pipa.cat\/wp-content\/uploads\/2023\/11\/IMG_9705-scaled-e1700644190503.webp\" class=\"attachment-full size-full\" alt=\"\" loading=\"lazy\" srcset=\"https:\/\/www.pipa.cat\/wp-content\/uploads\/2023\/11\/IMG_9705-scaled-e1700644190503.webp 1898w, https:\/\/www.pipa.cat\/wp-content\/uploads\/2023\/11\/IMG_9705-scaled-e1700644190503-300x236.webp 300w, https:\/\/www.pipa.cat\/wp-content\/uploads\/2023\/11\/IMG_9705-scaled-e1700644190503-1024x805.webp 1024w\" sizes=\"auto, (max-width: 1898px) 100vw, 1898px\" \/><\/div><\/div><\/div><\/div><\/div><\/div><\/section><section class=\"l-section wpb_row us_custom_f3cd8240 height_medium width_full\"><div class=\"l-section-h i-cf\"><div class=\"g-cols vc_row via_grid cols_1 laptops-cols_inherit tablets-cols_inherit mobiles-cols_1 valign_top type_default stacking_default\"><div class=\"wpb_column vc_column_container\"><div class=\"vc_column-inner\"><h2 class=\"w-text us_custom_91402c8a has_text_color\"><span class=\"w-text-h\"><span class=\"w-text-value\">comida informal para chuparte los dedos<\/span><\/span><\/h2><\/div><\/div><\/div><\/div><\/section><section class=\"l-section wpb_row us_custom_0a9ee20b height_small\"><div class=\"l-section-h i-cf\"><div class=\"g-cols vc_row via_grid cols_2 laptops-cols_inherit tablets-cols_inherit mobiles-cols_1 valign_middle type_default stacking_default\"><div class=\"wpb_column vc_column_container\"><div class=\"vc_column-inner\"><div class=\"w-image us_custom_5e8a7298 style_outlined align_none\"><div class=\"w-image-h\"><img decoding=\"async\" width=\"2210\" height=\"1746\" src=\"https:\/\/www.pipa.cat\/wp-content\/uploads\/2023\/12\/IMG_9965-1-e1702897402848.png\" class=\"attachment-full size-full\" alt=\"\" loading=\"lazy\" srcset=\"https:\/\/www.pipa.cat\/wp-content\/uploads\/2023\/12\/IMG_9965-1-e1702897402848.png 2210w, https:\/\/www.pipa.cat\/wp-content\/uploads\/2023\/12\/IMG_9965-1-e1702897402848-300x237.png 300w, https:\/\/www.pipa.cat\/wp-content\/uploads\/2023\/12\/IMG_9965-1-e1702897402848-1024x809.png 1024w\" sizes=\"auto, (max-width: 2210px) 100vw, 2210px\" \/><\/div><\/div><\/div><\/div><div class=\"wpb_column vc_column_container\"><div class=\"vc_column-inner\"><div class=\"wpb_text_column us_custom_cdb37fb9 has_text_color\"><div class=\"wpb_wrapper\"><p>No sabr\u00edamos decirte si tenemos m\u00e1s oferta de cervezas, de c\u00f3cteles o de comida. Lo que s\u00ed te podemos garantizar es que caer\u00e1s rendido ante nuestras tapas, las burgers (\u00a1brutales!), los bocadillos o incluso nuestros postres. Disponemos tambi\u00e9n de opciones veganas y de una carta de ensaladas que\u2026 \u00a1\u00f1am!<\/p>\n<\/div><\/div><div class=\"w-separator size_medium\"><\/div><div class=\"w-btn-wrapper align_center\"><a class=\"w-btn us-btn-style_1 popup us_custom_d1259599\" href=\"https:\/\/www.pipa.cat\/es\/carta\/\"><span class=\"w-btn-label\">\u00a1QUIERO VER LA CARTA YA!<\/span><\/a><\/div><\/div><\/div><\/div><\/div><\/section><section class=\"l-section wpb_row height_medium full_height valign_center width_custom\" style=\"--site-content-width:1820px;\"><div class=\"l-section-h i-cf\"><div class=\"g-cols vc_row via_grid cols_1-3 laptops-cols_inherit tablets-cols_inherit mobiles-cols_1 valign_middle type_default stacking_default\"><div class=\"wpb_column vc_column_container us_custom_aab3a873\"><div class=\"vc_column-inner\"><div class=\"w-iconbox iconpos_top style_circle color_primary align_center no_text no_title\"><a target=\"_blank\" href=\"https:\/\/www.instagram.com\/pipa_pub\/?hl=es-la\" class=\"w-iconbox-link\" aria-label=\"fab|instagram\"><div class=\"w-iconbox-icon\" style=\"font-size:40px;\"><i class=\"fab fa-instagram\"><\/i><\/div><\/a><div class=\"w-iconbox-meta\"><\/div><\/div><div class=\"w-separator size_small\"><\/div><div class=\"wpb_text_column us_custom_139bb1d9 has_text_color\"><div class=\"wpb_wrapper\"><p style=\"text-align: center;\">HACEMOS UN PIPA<\/p>\n<\/div><\/div><div class=\"wpb_text_column us_custom_aad38be2 has_text_color\"><div class=\"wpb_wrapper\"><p style=\"text-align: center;\">\u00bfA\u00fan no nos sigues?<\/p>\n<\/div><\/div><\/div><\/div><div class=\"wpb_column vc_column_container\"><div class=\"vc_column-inner\"><div class=\"w-gallery us_custom_6e0c5983 fit_cover type_mosaic_hor action_popup_image ratio_1x1 count_6\" style=\"--columns:4;--items-gap:10px;--items-height:30cqw;\"><div class=\"w-gallery-list\"><div class=\"w-gallery-item\"><div class=\"w-gallery-item-img\"><img loading=\"lazy\" decoding=\"async\" width=\"729\" height=\"1024\" src=\"https:\/\/www.pipa.cat\/wp-content\/uploads\/2023\/11\/IMG_9798-729x1024.webp\" class=\"attachment-large size-large\" alt=\"\" srcset=\"https:\/\/www.pipa.cat\/wp-content\/uploads\/2023\/11\/IMG_9798-729x1024.webp 729w, https:\/\/www.pipa.cat\/wp-content\/uploads\/2023\/11\/IMG_9798-214x300.webp 214w, https:\/\/www.pipa.cat\/wp-content\/uploads\/2023\/11\/IMG_9798-scaled.webp 1823w\" sizes=\"auto, (max-width: 729px) 100vw, 729px\" \/><\/div><a class=\"w-gallery-item-link\" aria-label=\"IMG_9798\" href=\"https:\/\/www.pipa.cat\/wp-content\/uploads\/2023\/11\/IMG_9798-scaled.webp\"><\/a><\/div><div class=\"w-gallery-item\"><div class=\"w-gallery-item-img\"><img loading=\"lazy\" decoding=\"async\" width=\"738\" height=\"1024\" src=\"https:\/\/www.pipa.cat\/wp-content\/uploads\/2023\/11\/IMG_9483-738x1024.webp\" class=\"attachment-large size-large\" alt=\"\" srcset=\"https:\/\/www.pipa.cat\/wp-content\/uploads\/2023\/11\/IMG_9483-738x1024.webp 738w, https:\/\/www.pipa.cat\/wp-content\/uploads\/2023\/11\/IMG_9483-216x300.webp 216w, https:\/\/www.pipa.cat\/wp-content\/uploads\/2023\/11\/IMG_9483-scaled.webp 1846w\" sizes=\"auto, (max-width: 738px) 100vw, 738px\" \/><\/div><a class=\"w-gallery-item-link\" aria-label=\"IMG_9483\" href=\"https:\/\/www.pipa.cat\/wp-content\/uploads\/2023\/11\/IMG_9483-scaled.webp\"><\/a><\/div><div class=\"w-gallery-item\"><div class=\"w-gallery-item-img\"><img loading=\"lazy\" decoding=\"async\" width=\"1024\" height=\"758\" src=\"https:\/\/www.pipa.cat\/wp-content\/uploads\/2023\/11\/IMG_9698-1024x758.webp\" class=\"attachment-large size-large\" alt=\"\" srcset=\"https:\/\/www.pipa.cat\/wp-content\/uploads\/2023\/11\/IMG_9698-1024x758.webp 1024w, https:\/\/www.pipa.cat\/wp-content\/uploads\/2023\/11\/IMG_9698-300x222.webp 300w\" sizes=\"auto, (max-width: 1024px) 100vw, 1024px\" \/><\/div><a class=\"w-gallery-item-link\" aria-label=\"IMG_9698\" href=\"https:\/\/www.pipa.cat\/wp-content\/uploads\/2023\/11\/IMG_9698-scaled.webp\"><\/a><\/div><div class=\"w-gallery-item\"><div class=\"w-gallery-item-img\"><img loading=\"lazy\" decoding=\"async\" width=\"684\" height=\"1024\" src=\"https:\/\/www.pipa.cat\/wp-content\/uploads\/2023\/11\/IMG_9578-684x1024.webp\" class=\"attachment-large size-large\" alt=\"\" srcset=\"https:\/\/www.pipa.cat\/wp-content\/uploads\/2023\/11\/IMG_9578-684x1024.webp 684w, https:\/\/www.pipa.cat\/wp-content\/uploads\/2023\/11\/IMG_9578-200x300.webp 200w, https:\/\/www.pipa.cat\/wp-content\/uploads\/2023\/11\/IMG_9578-scaled.webp 1709w\" sizes=\"auto, (max-width: 684px) 100vw, 684px\" \/><\/div><a class=\"w-gallery-item-link\" aria-label=\"IMG_9578\" href=\"https:\/\/www.pipa.cat\/wp-content\/uploads\/2023\/11\/IMG_9578-scaled.webp\"><\/a><\/div><div class=\"w-gallery-item\"><div class=\"w-gallery-item-img\"><img loading=\"lazy\" decoding=\"async\" width=\"1024\" height=\"726\" src=\"https:\/\/www.pipa.cat\/wp-content\/uploads\/2023\/11\/IMG_9987-1-1024x726.webp\" class=\"attachment-large size-large\" alt=\"\" srcset=\"https:\/\/www.pipa.cat\/wp-content\/uploads\/2023\/11\/IMG_9987-1-1024x726.webp 1024w, https:\/\/www.pipa.cat\/wp-content\/uploads\/2023\/11\/IMG_9987-1-300x213.webp 300w\" sizes=\"auto, (max-width: 1024px) 100vw, 1024px\" \/><\/div><a class=\"w-gallery-item-link\" aria-label=\"IMG_9987\" href=\"https:\/\/www.pipa.cat\/wp-content\/uploads\/2023\/11\/IMG_9987-1-scaled.webp\"><\/a><\/div><div class=\"w-gallery-item\"><div class=\"w-gallery-item-img\"><img loading=\"lazy\" decoding=\"async\" width=\"1024\" height=\"717\" src=\"https:\/\/www.pipa.cat\/wp-content\/uploads\/2023\/11\/IMG_9955-1024x717.webp\" class=\"attachment-large size-large\" alt=\"\" srcset=\"https:\/\/www.pipa.cat\/wp-content\/uploads\/2023\/11\/IMG_9955-1024x717.webp 1024w, https:\/\/www.pipa.cat\/wp-content\/uploads\/2023\/11\/IMG_9955-300x210.webp 300w\" sizes=\"auto, (max-width: 1024px) 100vw, 1024px\" \/><\/div><a class=\"w-gallery-item-link\" aria-label=\"IMG_9955\" href=\"https:\/\/www.pipa.cat\/wp-content\/uploads\/2023\/11\/IMG_9955-scaled.webp\"><\/a><\/div><\/div><\/div><\/div><\/div><\/div><\/div><\/section>\n","protected":false},"excerpt":{"rendered":"el punto de encuentro para comer y beber\u00bfHacemos un pipa?RESERVAR MESA EN CALDESpipa&lt;br&gt;pubRESERVAR MESA EN PALAUun pub a la catalanaM\u00fasica, comida, cerveza, cocktails y muy buen rollo. Bajo esta premisa, el Pipa se ha convertido, para todos los palauencs, en un punto de encuentro con los amigos y la familia. Puedes disfrutar de una comida...","protected":false},"author":1,"featured_media":0,"parent":0,"menu_order":0,"comment_status":"closed","ping_status":"closed","template":"","meta":{"footnotes":""},"class_list":["post-1543","page","type-page","status-publish","hentry"],"yoast_head":"<!-- This site is optimized with the Yoast SEO plugin v27.3 - https:\/\/yoast.com\/product\/yoast-seo-wordpress\/ -->\n<title>Pipa Pub | \u00bfHacemos un Pipa?<\/title>\n<meta name=\"description\" content=\"Pub donde ir a comer, cenar, beber, quedar con los amigos, ver el partido y celebrarlo absolutamente todo. En Palau i en Caldes!\" \/>\n<meta name=\"robots\" content=\"index, follow, max-snippet:-1, max-image-preview:large, max-video-preview:-1\" \/>\n<link rel=\"canonical\" href=\"https:\/\/www.pipa.cat\/es\/\" \/>\n<meta property=\"og:locale\" content=\"es_ES\" \/>\n<meta property=\"og:type\" content=\"article\" \/>\n<meta property=\"og:title\" content=\"Pipa Pub | \u00bfHacemos un Pipa?\" \/>\n<meta property=\"og:description\" content=\"Pub donde ir a comer, cenar, beber, quedar con los amigos, ver el partido y celebrarlo absolutamente todo. En Palau i en Caldes!\" \/>\n<meta property=\"og:url\" content=\"https:\/\/www.pipa.cat\/es\/\" \/>\n<meta property=\"og:site_name\" content=\"Pipa\" \/>\n<meta property=\"article:modified_time\" content=\"2025-01-08T10:32:24+00:00\" \/>\n<meta name=\"twitter:card\" content=\"summary_large_image\" \/>\n<script type=\"application\/ld+json\" class=\"yoast-schema-graph\">{\"@context\":\"https:\\\/\\\/schema.org\",\"@graph\":[{\"@type\":\"WebPage\",\"@id\":\"https:\\\/\\\/www.pipa.cat\\\/es\\\/\",\"url\":\"https:\\\/\\\/www.pipa.cat\\\/es\\\/\",\"name\":\"Pipa Pub | \u00bfHacemos un Pipa?\",\"isPartOf\":{\"@id\":\"https:\\\/\\\/www.pipa.cat\\\/es\\\/#website\"},\"datePublished\":\"2023-11-21T11:28:42+00:00\",\"dateModified\":\"2025-01-08T10:32:24+00:00\",\"description\":\"Pub donde ir a comer, cenar, beber, quedar con los amigos, ver el partido y celebrarlo absolutamente todo. En Palau i en Caldes!\",\"breadcrumb\":{\"@id\":\"https:\\\/\\\/www.pipa.cat\\\/es\\\/#breadcrumb\"},\"inLanguage\":\"es\",\"potentialAction\":[{\"@type\":\"ReadAction\",\"target\":[\"https:\\\/\\\/www.pipa.cat\\\/es\\\/\"]}]},{\"@type\":\"BreadcrumbList\",\"@id\":\"https:\\\/\\\/www.pipa.cat\\\/es\\\/#breadcrumb\",\"itemListElement\":[{\"@type\":\"ListItem\",\"position\":1,\"name\":\"Inici\",\"item\":\"https:\\\/\\\/www.pipa.cat\\\/es\\\/\"},{\"@type\":\"ListItem\",\"position\":2,\"name\":\"Pipapub\"}]},{\"@type\":\"WebSite\",\"@id\":\"https:\\\/\\\/www.pipa.cat\\\/es\\\/#website\",\"url\":\"https:\\\/\\\/www.pipa.cat\\\/es\\\/\",\"name\":\"Pipa\",\"description\":\"Pipa Restaurant &amp; Cocktails\",\"publisher\":{\"@id\":\"https:\\\/\\\/www.pipa.cat\\\/es\\\/#organization\"},\"potentialAction\":[{\"@type\":\"SearchAction\",\"target\":{\"@type\":\"EntryPoint\",\"urlTemplate\":\"https:\\\/\\\/www.pipa.cat\\\/es\\\/?s={search_term_string}\"},\"query-input\":{\"@type\":\"PropertyValueSpecification\",\"valueRequired\":true,\"valueName\":\"search_term_string\"}}],\"inLanguage\":\"es\"},{\"@type\":\"Organization\",\"@id\":\"https:\\\/\\\/www.pipa.cat\\\/es\\\/#organization\",\"name\":\"Pipa\",\"url\":\"https:\\\/\\\/www.pipa.cat\\\/es\\\/\",\"logo\":{\"@type\":\"ImageObject\",\"inLanguage\":\"es\",\"@id\":\"https:\\\/\\\/www.pipa.cat\\\/es\\\/#\\\/schema\\\/logo\\\/image\\\/\",\"url\":\"https:\\\/\\\/www.pipa.cat\\\/wp-content\\\/uploads\\\/2023\\\/11\\\/logo-pipa.webp\",\"contentUrl\":\"https:\\\/\\\/www.pipa.cat\\\/wp-content\\\/uploads\\\/2023\\\/11\\\/logo-pipa.webp\",\"width\":366,\"height\":408,\"caption\":\"Pipa\"},\"image\":{\"@id\":\"https:\\\/\\\/www.pipa.cat\\\/es\\\/#\\\/schema\\\/logo\\\/image\\\/\"},\"sameAs\":[\"https:\\\/\\\/www.instagram.com\\\/pipa_pub\\\/\"]}]}<\/script>\n<!-- \/ Yoast SEO plugin. -->","yoast_head_json":{"title":"Pipa Pub | \u00bfHacemos un Pipa?","description":"Pub donde ir a comer, cenar, beber, quedar con los amigos, ver el partido y celebrarlo absolutamente todo. En Palau i en Caldes!","robots":{"index":"index","follow":"follow","max-snippet":"max-snippet:-1","max-image-preview":"max-image-preview:large","max-video-preview":"max-video-preview:-1"},"canonical":"https:\/\/www.pipa.cat\/es\/","og_locale":"es_ES","og_type":"article","og_title":"Pipa Pub | \u00bfHacemos un Pipa?","og_description":"Pub donde ir a comer, cenar, beber, quedar con los amigos, ver el partido y celebrarlo absolutamente todo. En Palau i en Caldes!","og_url":"https:\/\/www.pipa.cat\/es\/","og_site_name":"Pipa","article_modified_time":"2025-01-08T10:32:24+00:00","twitter_card":"summary_large_image","schema":{"@context":"https:\/\/schema.org","@graph":[{"@type":"WebPage","@id":"https:\/\/www.pipa.cat\/es\/","url":"https:\/\/www.pipa.cat\/es\/","name":"Pipa Pub | \u00bfHacemos un Pipa?","isPartOf":{"@id":"https:\/\/www.pipa.cat\/es\/#website"},"datePublished":"2023-11-21T11:28:42+00:00","dateModified":"2025-01-08T10:32:24+00:00","description":"Pub donde ir a comer, cenar, beber, quedar con los amigos, ver el partido y celebrarlo absolutamente todo. En Palau i en Caldes!","breadcrumb":{"@id":"https:\/\/www.pipa.cat\/es\/#breadcrumb"},"inLanguage":"es","potentialAction":[{"@type":"ReadAction","target":["https:\/\/www.pipa.cat\/es\/"]}]},{"@type":"BreadcrumbList","@id":"https:\/\/www.pipa.cat\/es\/#breadcrumb","itemListElement":[{"@type":"ListItem","position":1,"name":"Inici","item":"https:\/\/www.pipa.cat\/es\/"},{"@type":"ListItem","position":2,"name":"Pipapub"}]},{"@type":"WebSite","@id":"https:\/\/www.pipa.cat\/es\/#website","url":"https:\/\/www.pipa.cat\/es\/","name":"Pipa","description":"Pipa Restaurant &amp; Cocktails","publisher":{"@id":"https:\/\/www.pipa.cat\/es\/#organization"},"potentialAction":[{"@type":"SearchAction","target":{"@type":"EntryPoint","urlTemplate":"https:\/\/www.pipa.cat\/es\/?s={search_term_string}"},"query-input":{"@type":"PropertyValueSpecification","valueRequired":true,"valueName":"search_term_string"}}],"inLanguage":"es"},{"@type":"Organization","@id":"https:\/\/www.pipa.cat\/es\/#organization","name":"Pipa","url":"https:\/\/www.pipa.cat\/es\/","logo":{"@type":"ImageObject","inLanguage":"es","@id":"https:\/\/www.pipa.cat\/es\/#\/schema\/logo\/image\/","url":"https:\/\/www.pipa.cat\/wp-content\/uploads\/2023\/11\/logo-pipa.webp","contentUrl":"https:\/\/www.pipa.cat\/wp-content\/uploads\/2023\/11\/logo-pipa.webp","width":366,"height":408,"caption":"Pipa"},"image":{"@id":"https:\/\/www.pipa.cat\/es\/#\/schema\/logo\/image\/"},"sameAs":["https:\/\/www.instagram.com\/pipa_pub\/"]}]}},"_links":{"self":[{"href":"https:\/\/www.pipa.cat\/es\/wp-json\/wp\/v2\/pages\/1543","targetHints":{"allow":["GET"]}}],"collection":[{"href":"https:\/\/www.pipa.cat\/es\/wp-json\/wp\/v2\/pages"}],"about":[{"href":"https:\/\/www.pipa.cat\/es\/wp-json\/wp\/v2\/types\/page"}],"author":[{"embeddable":true,"href":"https:\/\/www.pipa.cat\/es\/wp-json\/wp\/v2\/users\/1"}],"replies":[{"embeddable":true,"href":"https:\/\/www.pipa.cat\/es\/wp-json\/wp\/v2\/comments?post=1543"}],"version-history":[{"count":7,"href":"https:\/\/www.pipa.cat\/es\/wp-json\/wp\/v2\/pages\/1543\/revisions"}],"predecessor-version":[{"id":1936,"href":"https:\/\/www.pipa.cat\/es\/wp-json\/wp\/v2\/pages\/1543\/revisions\/1936"}],"wp:attachment":[{"href":"https:\/\/www.pipa.cat\/es\/wp-json\/wp\/v2\/media?parent=1543"}],"curies":[{"name":"wp","href":"https:\/\/api.w.org\/{rel}","templated":true}]}}